{"id":1145,"date":"2025-11-18T12:17:18","date_gmt":"2025-11-18T12:17:18","guid":{"rendered":"https:\/\/mtart.hr\/?post_type=product&#038;p=1145"},"modified":"2026-03-23T19:33:59","modified_gmt":"2026-03-23T19:33:59","slug":"poklon-set-za-krstenje-roza-standard","status":"publish","type":"product","link":"https:\/\/mtart.hr\/index.php\/proizvod\/poklon-set-za-krstenje-roza-standard\/","title":{"rendered":"Poklon set za kr\u0161tenje &#8211; Roza | Standard"},"content":{"rendered":"<h1><b>Personalizirani standard set poklon za kr\u0161tenje za curice &#8211; roza<\/b><\/h1>\n<p>Personalizirani set poklon za kr\u0161tenje za curice je idealan izbor krsnog kuma ili kume. <a href=\"https:\/\/hr.wikipedia.org\/wiki\/Kr%C5%A1tenje\">Kr\u0161tenje<\/a> predstavlja jedan od najsvetijih obreda u \u017eivotu djeteta \u2013 trenutak ulaska u zajednicu, blagoslova i po\u010detka duhovnog putovanja. Uspomene s takvog dana zaslu\u017euju biti bri\u017eno sa\u010duvane u predmetima koji su jednako posebni i jedinstveni. Zbog toga je ovaj personalizirani poklon set idealan izbor za krsnog kuma ili kumu.<\/p>\n<p data-path-to-node=\"5\">Na\u0161 set nije samo zbir obaveznih obrednih predmeta; to je <b>umjetni\u010dki kreiran paket uspomena<\/b>, ru\u010dno izra\u0111en s ljubavlju i potpunom posve\u0107eno\u0161\u0107u svakom detalju. Svaki element je stilski uskla\u0111en kako bi stvorio elegantnu i skladnu cjelinu koja savr\u0161eno odgovara dostojanstvu samog \u010dina.<\/p>\n<h3>Sadr\u017eaj personaliziranog seta za kr\u0161tenje za curice:<\/h3>\n<p data-path-to-node=\"7\">Ovaj jedinstveni set, kreiran u obrtu Sklopime (MTart je prodajno mjesto), obuhva\u0107a pet pa\u017eljivo osmi\u0161ljenih predmeta:<\/p>\n<ol start=\"1\" data-path-to-node=\"8\">\n<li>\n<p data-path-to-node=\"8,0,0\"><b>Krsna marama (krsnica)<\/b>, izra\u0111ena od finog, mekog pamuka. Njena bijela boja simbolizira \u010disto\u0107u i nevinost, a postaje trajna uspomena personalizacijom imena djeteta i datuma kr\u0161tenja otisnutim u zlatnom ili srebrnom tisku.<\/p>\n<\/li>\n<li>\n<p data-path-to-node=\"8,1,0\"><b>Personalizirana svije\u0107a za kr\u0161tenje<\/b> simbolizira Kristovo svjetlo i vjeru. Stabilna i elegantnog dizajna, personalizira se kri\u017eem iznad imena kr\u0161tenika te ukra\u0161ava satenskom trakom i ma\u0161nom.<\/p>\n<\/li>\n<li>\n<p data-path-to-node=\"8,1,0\"><strong><a href=\"https:\/\/mtart.hr\/index.php\/proizvod\/personalizirana-svijeca\/\">Personalizirana svije\u0107a za kr\u0161tenje s imenom<\/a> <\/strong>slu\u017ei kao dirljiv i prvi podsjetnik na molitvu i vjeru, trajno podsje\u0107aju\u0107i na ovaj sveti dan.<\/p>\n<\/li>\n<li>\n<p data-path-to-node=\"8,1,0\"><b>Bo\u010dica za Svetu vodu<\/b>, s personaliziranim simbolom kri\u017ea, namijenjena je pohrani svete vode kojom je dijete kr\u0161teno i slu\u017ei kao simboli\u010dan blagoslov doma.<\/p>\n<\/li>\n<li>\n<p data-path-to-node=\"8,1,0\">Svi ovi dragocjeni predmeti pa\u017eljivo su pohranjeni u <b>ukrasnoj kutiji s imenom i posvetom<\/b>. Kutija, dostupna u odabranim bojama, mo\u017ee poslu\u017eiti i za trajnu pohranu ostalih uspomena i \u010destitki.<\/p>\n<\/li>\n<\/ol>\n<h3>Vje\u010dna vrijednost<\/h3>\n<p data-path-to-node=\"10\">Odabirom ovog Standard seta darujete ne\u0161to druga\u010dije od uobi\u010dajenog, a opet sveobuhvatno. Standard set je kona\u010dno i malo povoljniji nego da sve predmete kreirate zasebno.<\/p>\n<p data-path-to-node=\"11\">Ovaj poklon set za kr\u0161tenje je vje\u010dna uspomena, idealna za kumove koji \u017eele pokloniti trajnu vrijednost.<\/p>\n<p data-path-to-node=\"11\">&#8211;<\/p>\n<p data-path-to-node=\"11\"><em>MTart radi personalizirane poklone za sve prigode. Sve proizvode mo\u017eete pogledati <a href=\"https:\/\/mtart.hr\/index.php\/personalizirani-pokloni\/\">ovdje.<\/a><\/em><\/p>\n\n    <div class=\"xs_social_share_widget xs_share_url after_content \t\tmain_content  wslu-style-1 wslu-share-box-shaped wslu-fill-colored wslu-none wslu-share-horizontal wslu-theme-font-no wslu-main_content\">\n\n\t\t\n        <ul>\n\t\t\t        <\/ul>\n    <\/div> \n","protected":false},"excerpt":{"rendered":"<h1>Poklon set za kr\u0161tenje &#8211; Roza | Standard<\/h1>\n<p>Kr\u0161tenje je sveti \u010din i prekretnica u \u017eivotu va\u0161eg djeteta. Na\u0161 personalizirani poklon set za kr\u0161tenje stvoren je kako bi taj dan ostao sa\u010duvan u najljep\u0161em svjetlu. Svaki element seta je ru\u010dno izra\u0111en, dizajniran i personaliziran s izuzetnom pa\u017enjom, stvaraju\u0107i savr\u0161enu ravnote\u017eu tradicije, elegancije i osobne pri\u010de.<\/p>\n<p><strong>Sadr\u017eaj poklon seta za kr\u0161tenje:<\/strong><br \/>\n&#8211; personalizirana svije\u0107a sa imenom, vrpcom i dekoracijom (dimenzije svije\u0107e: 19cm x 6,8cm)<br \/>\n&#8211; personalizirana krsna marama sa imenom<br \/>\n&#8211; personalizirana krunica s imenom roza<br \/>\n&#8211; bo\u010dica za svetu vodu zlatotisak<br \/>\n&#8211; personalizirana kutija s imenom i posvetom<\/p>\n<p><strong>Napomena:<\/strong> U cijenu posvete uklju\u010dena je jedna re\u010denica + potpis. Svaka dodatna re\u010denica se napla\u0107uje 3,00 EUR.<\/p>\n<p>Prije odabira <strong>&#8220;Dodaj u ko\u0161aricu&#8221;<\/strong> nalazi se sekcija <strong>&#8220;Boja tiska&#8221;<\/strong> te odaberite boju tisku te ispunite obrazac kako biste mogli dodati proizvod i zavr\u0161iti pla\u0107anje.<\/p>\n<p><strong>Rok izrade:<\/strong> 1-3 radna dana<\/p>\n<p><strong>Dostava:<\/strong> paket 24, do 5 radnih dana<\/p>\n<p><strong>Preuzimanje:<\/strong> Opatija<\/p>\n","protected":false},"featured_media":2906,"comment_status":"closed","ping_status":"closed","template":"","meta":{"_uag_custom_page_level_css":"","ocean_post_layout":"","ocean_both_sidebars_style":"","ocean_both_sidebars_content_width":0,"ocean_both_sidebars_sidebars_width":0,"ocean_sidebar":"0","ocean_second_sidebar":"0","ocean_disable_margins":"enable","ocean_add_body_class":"","ocean_shortcode_before_top_bar":"","ocean_shortcode_after_top_bar":"","ocean_shortcode_before_header":"","ocean_shortcode_after_header":"","ocean_has_shortcode":"","ocean_shortcode_after_title":"","ocean_shortcode_before_footer_widgets":"","ocean_shortcode_after_footer_widgets":"","ocean_shortcode_before_footer_bottom":"","ocean_shortcode_after_footer_bottom":"","ocean_display_top_bar":"default","ocean_display_header":"default","ocean_header_style":"","ocean_center_header_left_menu":"0","ocean_custom_header_template":"0","ocean_custom_logo":0,"ocean_custom_retina_logo":0,"ocean_custom_logo_max_width":0,"ocean_custom_logo_tablet_max_width":0,"ocean_custom_logo_mobile_max_width":0,"ocean_custom_logo_max_height":0,"ocean_custom_logo_tablet_max_height":0,"ocean_custom_logo_mobile_max_height":0,"ocean_header_custom_menu":"0","ocean_menu_typo_font_family":"0","ocean_menu_typo_font_subset":"","ocean_menu_typo_font_size":0,"ocean_menu_typo_font_size_tablet":0,"ocean_menu_typo_font_size_mobile":0,"ocean_menu_typo_font_size_unit":"px","ocean_menu_typo_font_weight":"","ocean_menu_typo_font_weight_tablet":"","ocean_menu_typo_font_weight_mobile":"","ocean_menu_typo_transform":"","ocean_menu_typo_transform_tablet":"","ocean_menu_typo_transform_mobile":"","ocean_menu_typo_line_height":0,"ocean_menu_typo_line_height_tablet":0,"ocean_menu_typo_line_height_mobile":0,"ocean_menu_typo_line_height_unit":"","ocean_menu_typo_spacing":0,"ocean_menu_typo_spacing_tablet":0,"ocean_menu_typo_spacing_mobile":0,"ocean_menu_typo_spacing_unit":"","ocean_menu_link_color":"","ocean_menu_link_color_hover":"","ocean_menu_link_color_active":"","ocean_menu_link_background":"","ocean_menu_link_hover_background":"","ocean_menu_link_active_background":"","ocean_menu_social_links_bg":"","ocean_menu_social_hover_links_bg":"","ocean_menu_social_links_color":"","ocean_menu_social_hover_links_color":"","ocean_disable_title":"default","ocean_disable_heading":"default","ocean_post_title":"","ocean_post_subheading":"","ocean_post_title_style":"","ocean_post_title_background_color":"","ocean_post_title_background":0,"ocean_post_title_bg_image_position":"","ocean_post_title_bg_image_attachment":"","ocean_post_title_bg_image_repeat":"","ocean_post_title_bg_image_size":"","ocean_post_title_height":0,"ocean_post_title_bg_overlay":0.5,"ocean_post_title_bg_overlay_color":"","ocean_disable_breadcrumbs":"default","ocean_breadcrumbs_color":"","ocean_breadcrumbs_separator_color":"","ocean_breadcrumbs_links_color":"","ocean_breadcrumbs_links_hover_color":"","ocean_display_footer_widgets":"default","ocean_display_footer_bottom":"default","ocean_custom_footer_template":"0"},"product_brand":[],"product_cat":[19,21],"product_tag":[],"class_list":{"0":"post-1145","1":"product","2":"type-product","3":"status-publish","4":"has-post-thumbnail","6":"product_cat-personalizirani-pokloni","7":"product_cat-poklon-set-za-krstenje","8":"pa_boja-tiska-bijeli-otisak","9":"pa_boja-tiska-crni-tisak","10":"pa_boja-tiska-metalic-roza","11":"pa_boja-tiska-srebrni-otisak","12":"pa_boja-tiska-zlatni-otisak","14":"entry","15":"has-media","16":"wcpa_has_options","18":"first","19":"instock","20":"purchasable","21":"product-type-simple","22":"has-product-nav","23":"col","24":"span_1_of_5","25":"owp-content-center","26":"owp-thumbs-layout-horizontal","27":"owp-btn-normal","28":"owp-tabs-layout-horizontal"},"yoast_head":"<!-- This site is optimized with the Yoast SEO plugin v27.0 - https:\/\/yoast.com\/product\/yoast-seo-wordpress\/ -->\n<title>Poklon set za kr\u0161tenje - Roza | Standard - MT art I Personalizirani pokloni za kr\u0161tenje, ro\u0111enje bebe i vjen\u010danje | Izrada portreta po narud\u017ebi i prodaja umjetni\u010dkih slika<\/title>\n<meta name=\"description\" content=\"Personalizirani set poklon za kr\u0161tenje za curice sadr\u017ei krsnu svije\u0107u, krsnu maramu, personaliziranu krunicu i ukrasnu kutiju.\" \/>\n<meta name=\"robots\" content=\"index, follow, max-snippet:-1, max-image-preview:large, max-video-preview:-1\" \/>\n<link rel=\"canonical\" href=\"https:\/\/mtart.hr\/index.php\/proizvod\/poklon-set-za-krstenje-roza-standard\/\" \/>\n<meta property=\"og:locale\" content=\"hr_HR\" \/>\n<meta property=\"og:type\" content=\"article\" \/>\n<meta property=\"og:title\" content=\"Poklon set za kr\u0161tenje - Roza | Standard - MT art I Personalizirani pokloni za kr\u0161tenje, ro\u0111enje bebe i vjen\u010danje | Izrada portreta po narud\u017ebi i prodaja umjetni\u010dkih slika\" \/>\n<meta property=\"og:description\" content=\"Personalizirani set poklon za kr\u0161tenje za curice sadr\u017ei krsnu svije\u0107u, krsnu maramu, personaliziranu krunicu i ukrasnu kutiju.\" \/>\n<meta property=\"og:url\" content=\"https:\/\/mtart.hr\/index.php\/proizvod\/poklon-set-za-krstenje-roza-standard\/\" \/>\n<meta property=\"og:site_name\" content=\"MT art I Personalizirani pokloni za kr\u0161tenje, ro\u0111enje bebe i vjen\u010danje | Izrada portreta po narud\u017ebi i prodaja umjetni\u010dkih slika\" \/>\n<meta property=\"article:publisher\" content=\"https:\/\/www.facebook.com\/mtart.personalizirani.pokloni\/\" \/>\n<meta property=\"article:modified_time\" content=\"2026-03-23T19:33:59+00:00\" \/>\n<meta property=\"og:image\" content=\"https:\/\/mtart.hr\/wp-content\/uploads\/2025\/11\/Personalizirani-set-za-krstenje-roza-1.webp\" \/>\n\t<meta property=\"og:image:width\" content=\"720\" \/>\n\t<meta property=\"og:image:height\" content=\"720\" \/>\n\t<meta property=\"og:image:type\" content=\"image\/webp\" \/>\n<meta name=\"twitter:card\" content=\"summary_large_image\" \/>\n<meta name=\"twitter:label1\" content=\"Procijenjeno vrijeme \u010ditanja\" \/>\n\t<meta name=\"twitter:data1\" content=\"2 minute\" \/>\n<script type=\"application\/ld+json\" class=\"yoast-schema-graph\">{\"@context\":\"https:\/\/schema.org\",\"@graph\":[{\"@type\":\"WebPage\",\"@id\":\"https:\/\/mtart.hr\/index.php\/proizvod\/poklon-set-za-krstenje-roza-standard\/\",\"url\":\"https:\/\/mtart.hr\/index.php\/proizvod\/poklon-set-za-krstenje-roza-standard\/\",\"name\":\"Poklon set za kr\u0161tenje - Roza | Standard - MT art I Personalizirani pokloni za kr\u0161tenje, ro\u0111enje bebe i vjen\u010danje | Izrada portreta po narud\u017ebi i prodaja umjetni\u010dkih slika\",\"isPartOf\":{\"@id\":\"https:\/\/mtart.hr\/#website\"},\"primaryImageOfPage\":{\"@id\":\"https:\/\/mtart.hr\/index.php\/proizvod\/poklon-set-za-krstenje-roza-standard\/#primaryimage\"},\"image\":{\"@id\":\"https:\/\/mtart.hr\/index.php\/proizvod\/poklon-set-za-krstenje-roza-standard\/#primaryimage\"},\"thumbnailUrl\":\"https:\/\/mtart.hr\/wp-content\/uploads\/2025\/11\/Personalizirani-set-za-krstenje-roza-1.webp\",\"datePublished\":\"2025-11-18T12:17:18+00:00\",\"dateModified\":\"2026-03-23T19:33:59+00:00\",\"description\":\"Personalizirani set poklon za kr\u0161tenje za curice sadr\u017ei krsnu svije\u0107u, krsnu maramu, personaliziranu krunicu i ukrasnu kutiju.\",\"breadcrumb\":{\"@id\":\"https:\/\/mtart.hr\/index.php\/proizvod\/poklon-set-za-krstenje-roza-standard\/#breadcrumb\"},\"inLanguage\":\"hr\",\"potentialAction\":[{\"@type\":\"ReadAction\",\"target\":[\"https:\/\/mtart.hr\/index.php\/proizvod\/poklon-set-za-krstenje-roza-standard\/\"]}]},{\"@type\":\"ImageObject\",\"inLanguage\":\"hr\",\"@id\":\"https:\/\/mtart.hr\/index.php\/proizvod\/poklon-set-za-krstenje-roza-standard\/#primaryimage\",\"url\":\"https:\/\/mtart.hr\/wp-content\/uploads\/2025\/11\/Personalizirani-set-za-krstenje-roza-1.webp\",\"contentUrl\":\"https:\/\/mtart.hr\/wp-content\/uploads\/2025\/11\/Personalizirani-set-za-krstenje-roza-1.webp\",\"width\":720,\"height\":720,\"caption\":\"Personalizirani set za kr\u0161tenje roza\"},{\"@type\":\"BreadcrumbList\",\"@id\":\"https:\/\/mtart.hr\/index.php\/proizvod\/poklon-set-za-krstenje-roza-standard\/#breadcrumb\",\"itemListElement\":[{\"@type\":\"ListItem\",\"position\":1,\"name\":\"Po\u010detna\",\"item\":\"https:\/\/mtart.hr\/\"},{\"@type\":\"ListItem\",\"position\":2,\"name\":\"Trgovina\",\"item\":\"https:\/\/mtart.hr\/index.php\/trgovina\/\"},{\"@type\":\"ListItem\",\"position\":3,\"name\":\"Poklon set za kr\u0161tenje &#8211; Roza | Standard\"}]},{\"@type\":\"WebSite\",\"@id\":\"https:\/\/mtart.hr\/#website\",\"url\":\"https:\/\/mtart.hr\/\",\"name\":\"Personalizirani pokloni, rukotvorine, dekoracije i izrada portreta po narud\u017ebi - MTart\",\"description\":\"Personalizirani pokloni, rukotvorine, tisak na majice i \u0161alice, izrada portreta po narud\u017ebi i prodaja umjetni\u010dkih slika\",\"publisher\":{\"@id\":\"https:\/\/mtart.hr\/#organization\"},\"alternateName\":\"MTart personalizirani pokloni\",\"potentialAction\":[{\"@type\":\"SearchAction\",\"target\":{\"@type\":\"EntryPoint\",\"urlTemplate\":\"https:\/\/mtart.hr\/?s={search_term_string}\"},\"query-input\":{\"@type\":\"PropertyValueSpecification\",\"valueRequired\":true,\"valueName\":\"search_term_string\"}}],\"inLanguage\":\"hr\"},{\"@type\":\"Organization\",\"@id\":\"https:\/\/mtart.hr\/#organization\",\"name\":\"Personalizirani pokloni, rukotvorine, dekoracije i izrada portreta po narud\u017ebi - MTart\",\"alternateName\":\"MTart personalizirani pokloni i portreti\",\"url\":\"https:\/\/mtart.hr\/\",\"logo\":{\"@type\":\"ImageObject\",\"inLanguage\":\"hr\",\"@id\":\"https:\/\/mtart.hr\/#\/schema\/logo\/image\/\",\"url\":\"https:\/\/mtart.hr\/wp-content\/uploads\/2025\/12\/Trenutni-logo-web-stranica-mt-art-personalizirani-pokloni.webp\",\"contentUrl\":\"https:\/\/mtart.hr\/wp-content\/uploads\/2025\/12\/Trenutni-logo-web-stranica-mt-art-personalizirani-pokloni.webp\",\"width\":512,\"height\":512,\"caption\":\"Personalizirani pokloni, rukotvorine, dekoracije i izrada portreta po narud\u017ebi - MTart\"},\"image\":{\"@id\":\"https:\/\/mtart.hr\/#\/schema\/logo\/image\/\"},\"sameAs\":[\"https:\/\/www.facebook.com\/mtart.personalizirani.pokloni\/\",\"https:\/\/www.youtube.com\/@Mt_art21\",\"https:\/\/www.tiktok.com\/@_mtart_\",\"https:\/\/www.instagram.com\/mtart_personalizirani_pokloni\/\"]}]}<\/script>\n<!-- \/ Yoast SEO plugin. -->","yoast_head_json":{"title":"Poklon set za kr\u0161tenje - Roza | Standard - MT art I Personalizirani pokloni za kr\u0161tenje, ro\u0111enje bebe i vjen\u010danje | Izrada portreta po narud\u017ebi i prodaja umjetni\u010dkih slika","description":"Personalizirani set poklon za kr\u0161tenje za curice sadr\u017ei krsnu svije\u0107u, krsnu maramu, personaliziranu krunicu i ukrasnu kutiju.","robots":{"index":"index","follow":"follow","max-snippet":"max-snippet:-1","max-image-preview":"max-image-preview:large","max-video-preview":"max-video-preview:-1"},"canonical":"https:\/\/mtart.hr\/index.php\/proizvod\/poklon-set-za-krstenje-roza-standard\/","og_locale":"hr_HR","og_type":"article","og_title":"Poklon set za kr\u0161tenje - Roza | Standard - MT art I Personalizirani pokloni za kr\u0161tenje, ro\u0111enje bebe i vjen\u010danje | Izrada portreta po narud\u017ebi i prodaja umjetni\u010dkih slika","og_description":"Personalizirani set poklon za kr\u0161tenje za curice sadr\u017ei krsnu svije\u0107u, krsnu maramu, personaliziranu krunicu i ukrasnu kutiju.","og_url":"https:\/\/mtart.hr\/index.php\/proizvod\/poklon-set-za-krstenje-roza-standard\/","og_site_name":"MT art I Personalizirani pokloni za kr\u0161tenje, ro\u0111enje bebe i vjen\u010danje | Izrada portreta po narud\u017ebi i prodaja umjetni\u010dkih slika","article_publisher":"https:\/\/www.facebook.com\/mtart.personalizirani.pokloni\/","article_modified_time":"2026-03-23T19:33:59+00:00","og_image":[{"width":720,"height":720,"url":"https:\/\/mtart.hr\/wp-content\/uploads\/2025\/11\/Personalizirani-set-za-krstenje-roza-1.webp","type":"image\/webp"}],"twitter_card":"summary_large_image","twitter_misc":{"Procijenjeno vrijeme \u010ditanja":"2 minute"},"schema":{"@context":"https:\/\/schema.org","@graph":[{"@type":"WebPage","@id":"https:\/\/mtart.hr\/index.php\/proizvod\/poklon-set-za-krstenje-roza-standard\/","url":"https:\/\/mtart.hr\/index.php\/proizvod\/poklon-set-za-krstenje-roza-standard\/","name":"Poklon set za kr\u0161tenje - Roza | Standard - MT art I Personalizirani pokloni za kr\u0161tenje, ro\u0111enje bebe i vjen\u010danje | Izrada portreta po narud\u017ebi i prodaja umjetni\u010dkih slika","isPartOf":{"@id":"https:\/\/mtart.hr\/#website"},"primaryImageOfPage":{"@id":"https:\/\/mtart.hr\/index.php\/proizvod\/poklon-set-za-krstenje-roza-standard\/#primaryimage"},"image":{"@id":"https:\/\/mtart.hr\/index.php\/proizvod\/poklon-set-za-krstenje-roza-standard\/#primaryimage"},"thumbnailUrl":"https:\/\/mtart.hr\/wp-content\/uploads\/2025\/11\/Personalizirani-set-za-krstenje-roza-1.webp","datePublished":"2025-11-18T12:17:18+00:00","dateModified":"2026-03-23T19:33:59+00:00","description":"Personalizirani set poklon za kr\u0161tenje za curice sadr\u017ei krsnu svije\u0107u, krsnu maramu, personaliziranu krunicu i ukrasnu kutiju.","breadcrumb":{"@id":"https:\/\/mtart.hr\/index.php\/proizvod\/poklon-set-za-krstenje-roza-standard\/#breadcrumb"},"inLanguage":"hr","potentialAction":[{"@type":"ReadAction","target":["https:\/\/mtart.hr\/index.php\/proizvod\/poklon-set-za-krstenje-roza-standard\/"]}]},{"@type":"ImageObject","inLanguage":"hr","@id":"https:\/\/mtart.hr\/index.php\/proizvod\/poklon-set-za-krstenje-roza-standard\/#primaryimage","url":"https:\/\/mtart.hr\/wp-content\/uploads\/2025\/11\/Personalizirani-set-za-krstenje-roza-1.webp","contentUrl":"https:\/\/mtart.hr\/wp-content\/uploads\/2025\/11\/Personalizirani-set-za-krstenje-roza-1.webp","width":720,"height":720,"caption":"Personalizirani set za kr\u0161tenje roza"},{"@type":"BreadcrumbList","@id":"https:\/\/mtart.hr\/index.php\/proizvod\/poklon-set-za-krstenje-roza-standard\/#breadcrumb","itemListElement":[{"@type":"ListItem","position":1,"name":"Po\u010detna","item":"https:\/\/mtart.hr\/"},{"@type":"ListItem","position":2,"name":"Trgovina","item":"https:\/\/mtart.hr\/index.php\/trgovina\/"},{"@type":"ListItem","position":3,"name":"Poklon set za kr\u0161tenje &#8211; Roza | Standard"}]},{"@type":"WebSite","@id":"https:\/\/mtart.hr\/#website","url":"https:\/\/mtart.hr\/","name":"Personalizirani pokloni, rukotvorine, dekoracije i izrada portreta po narud\u017ebi - MTart","description":"Personalizirani pokloni, rukotvorine, tisak na majice i \u0161alice, izrada portreta po narud\u017ebi i prodaja umjetni\u010dkih slika","publisher":{"@id":"https:\/\/mtart.hr\/#organization"},"alternateName":"MTart personalizirani pokloni","potentialAction":[{"@type":"SearchAction","target":{"@type":"EntryPoint","urlTemplate":"https:\/\/mtart.hr\/?s={search_term_string}"},"query-input":{"@type":"PropertyValueSpecification","valueRequired":true,"valueName":"search_term_string"}}],"inLanguage":"hr"},{"@type":"Organization","@id":"https:\/\/mtart.hr\/#organization","name":"Personalizirani pokloni, rukotvorine, dekoracije i izrada portreta po narud\u017ebi - MTart","alternateName":"MTart personalizirani pokloni i portreti","url":"https:\/\/mtart.hr\/","logo":{"@type":"ImageObject","inLanguage":"hr","@id":"https:\/\/mtart.hr\/#\/schema\/logo\/image\/","url":"https:\/\/mtart.hr\/wp-content\/uploads\/2025\/12\/Trenutni-logo-web-stranica-mt-art-personalizirani-pokloni.webp","contentUrl":"https:\/\/mtart.hr\/wp-content\/uploads\/2025\/12\/Trenutni-logo-web-stranica-mt-art-personalizirani-pokloni.webp","width":512,"height":512,"caption":"Personalizirani pokloni, rukotvorine, dekoracije i izrada portreta po narud\u017ebi - MTart"},"image":{"@id":"https:\/\/mtart.hr\/#\/schema\/logo\/image\/"},"sameAs":["https:\/\/www.facebook.com\/mtart.personalizirani.pokloni\/","https:\/\/www.youtube.com\/@Mt_art21","https:\/\/www.tiktok.com\/@_mtart_","https:\/\/www.instagram.com\/mtart_personalizirani_pokloni\/"]}]}},"uagb_featured_image_src":{"full":["https:\/\/mtart.hr\/wp-content\/uploads\/2025\/11\/Personalizirani-set-za-krstenje-roza-1.webp",720,720,false],"thumbnail":["https:\/\/mtart.hr\/wp-content\/uploads\/2025\/11\/Personalizirani-set-za-krstenje-roza-1-150x150.webp",150,150,true],"medium":["https:\/\/mtart.hr\/wp-content\/uploads\/2025\/11\/Personalizirani-set-za-krstenje-roza-1-300x300.webp",300,300,true],"medium_large":["https:\/\/mtart.hr\/wp-content\/uploads\/2025\/11\/Personalizirani-set-za-krstenje-roza-1.webp",720,720,false],"large":["https:\/\/mtart.hr\/wp-content\/uploads\/2025\/11\/Personalizirani-set-za-krstenje-roza-1.webp",720,720,false],"1536x1536":["https:\/\/mtart.hr\/wp-content\/uploads\/2025\/11\/Personalizirani-set-za-krstenje-roza-1.webp",720,720,false],"2048x2048":["https:\/\/mtart.hr\/wp-content\/uploads\/2025\/11\/Personalizirani-set-za-krstenje-roza-1.webp",720,720,false],"ocean-thumb-m":["https:\/\/mtart.hr\/wp-content\/uploads\/2025\/11\/Personalizirani-set-za-krstenje-roza-1-600x600.webp",600,600,true],"ocean-thumb-ml":["https:\/\/mtart.hr\/wp-content\/uploads\/2025\/11\/Personalizirani-set-za-krstenje-roza-1-720x450.webp",720,450,true],"ocean-thumb-l":["https:\/\/mtart.hr\/wp-content\/uploads\/2025\/11\/Personalizirani-set-za-krstenje-roza-1-720x700.webp",720,700,true],"woocommerce_thumbnail":["https:\/\/mtart.hr\/wp-content\/uploads\/2025\/11\/Personalizirani-set-za-krstenje-roza-1-300x225.webp",300,225,true],"woocommerce_single":["https:\/\/mtart.hr\/wp-content\/uploads\/2025\/11\/Personalizirani-set-za-krstenje-roza-1-600x600.webp",600,600,true],"woocommerce_gallery_thumbnail":["https:\/\/mtart.hr\/wp-content\/uploads\/2025\/11\/Personalizirani-set-za-krstenje-roza-1-100x100.webp",100,100,true],"variation_swatches_image_size":["https:\/\/mtart.hr\/wp-content\/uploads\/2025\/11\/Personalizirani-set-za-krstenje-roza-1-50x50.webp",50,50,true],"variation_swatches_tooltip_size":["https:\/\/mtart.hr\/wp-content\/uploads\/2025\/11\/Personalizirani-set-za-krstenje-roza-1-100x100.webp",100,100,true],"dgwt-wcas-product-suggestion":["https:\/\/mtart.hr\/wp-content\/uploads\/2025\/11\/Personalizirani-set-za-krstenje-roza-1-64x64.webp",64,64,true]},"uagb_author_info":{"display_name":"admin","author_link":"https:\/\/mtart.hr\/index.php\/author\/"},"uagb_comment_info":0,"uagb_excerpt":"Poklon set za kr\u0161tenje - Roza | Standard Kr\u0161tenje je sveti \u010din i prekretnica u \u017eivotu va\u0161eg djeteta. Na\u0161 personalizirani poklon set za kr\u0161tenje stvoren je kako bi taj dan ostao sa\u010duvan u najljep\u0161em svjetlu. Svaki element seta je ru\u010dno izra\u0111en, dizajniran i personaliziran s izuzetnom pa\u017enjom, stvaraju\u0107i savr\u0161enu ravnote\u017eu tradicije, elegancije i osobne pri\u010de.&hellip;","_links":{"self":[{"href":"https:\/\/mtart.hr\/index.php\/wp-json\/wp\/v2\/product\/1145","targetHints":{"allow":["GET"]}}],"collection":[{"href":"https:\/\/mtart.hr\/index.php\/wp-json\/wp\/v2\/product"}],"about":[{"href":"https:\/\/mtart.hr\/index.php\/wp-json\/wp\/v2\/types\/product"}],"replies":[{"embeddable":true,"href":"https:\/\/mtart.hr\/index.php\/wp-json\/wp\/v2\/comments?post=1145"}],"version-history":[{"count":2,"href":"https:\/\/mtart.hr\/index.php\/wp-json\/wp\/v2\/product\/1145\/revisions"}],"predecessor-version":[{"id":3912,"href":"https:\/\/mtart.hr\/index.php\/wp-json\/wp\/v2\/product\/1145\/revisions\/3912"}],"wp:featuredmedia":[{"embeddable":true,"href":"https:\/\/mtart.hr\/index.php\/wp-json\/wp\/v2\/media\/2906"}],"wp:attachment":[{"href":"https:\/\/mtart.hr\/index.php\/wp-json\/wp\/v2\/media?parent=1145"}],"wp:term":[{"taxonomy":"product_brand","embeddable":true,"href":"https:\/\/mtart.hr\/index.php\/wp-json\/wp\/v2\/product_brand?post=1145"},{"taxonomy":"product_cat","embeddable":true,"href":"https:\/\/mtart.hr\/index.php\/wp-json\/wp\/v2\/product_cat?post=1145"},{"taxonomy":"product_tag","embeddable":true,"href":"https:\/\/mtart.hr\/index.php\/wp-json\/wp\/v2\/product_tag?post=1145"}],"curies":[{"name":"wp","href":"https:\/\/api.w.org\/{rel}","templated":true}]}}