{"id":421,"date":"2025-10-06T08:25:03","date_gmt":"2025-10-06T08:25:03","guid":{"rendered":"https:\/\/mtart.hr\/?post_type=product&#038;p=421"},"modified":"2026-02-20T12:10:47","modified_gmt":"2026-02-20T12:10:47","slug":"poklon-set-za-vjencanje-sampanjac","status":"publish","type":"product","link":"https:\/\/mtart.hr\/index.php\/proizvod\/poklon-set-za-vjencanje-sampanjac\/","title":{"rendered":"Personalizirani poklon set za vjen\u010danje | Prva zdravica"},"content":{"rendered":"<h1><b>Personalizirani set poklon za vjen\u010danje | Prva zdravica<\/b><\/h1>\n<p>Predstavljamo vam <b>MTart luksuzni personalizirani set poklon za <a href=\"https:\/\/hr.wikipedia.org\/wiki\/Vjen%C4%8Danje\">vjen\u010danje<\/a><\/b>, dizajniran s posebnom pa\u017enjom kako bi postao najdragocjeniji dar mladencima. Ovaj set nije samo zbirka predmeta, ve\u0107 <b>kolekcija personaliziranih uspomena<\/b> koje \u0107e par \u010duvati cijeli \u017eivot, slave\u0107i njihovu ljubav i zajedni\u010dki put. Svaki je element <b>ru\u010dno ra\u0111en<\/b> i kreiran s naglaskom na <b>detalje, kvalitetu i emotivnu vrijednost<\/b>, \u0161to ovaj set \u010dini idealnim <b>poklonom za vjen\u010danje<\/b> ili kumovski dar.<\/p>\n<h3><b>\u0160to sadr\u017ei poklon set za vjen\u010danje:<\/b><\/h3>\n<ol start=\"1\">\n<li><b>Dekorativna kutija s imenima mladenaca i posvetom:<\/b> Ova elegantna, \u010dvrsta kutija slu\u017ei kao temelj i pakiranje za set, ali i kao trajna &#8220;kutija sje\u0107anja&#8221;. Personaliziramo je <b>imenima mladenaca, datumom vjen\u010danja i kratkom posvetom<\/b>. Idealna je za \u010duvanje pisama, fotografija ili drugih sitnica s njihovog posebnog dana.<\/li>\n<li><b>Personalizirane \u010da\u0161e za \u0161ampanjac (2 kom.):<\/b> Nazdravite ljubavi stilom! Dvije visoke \u010da\u0161e za \u0161ampanjac personalizirane su <b>imenima mladenaca ili njihovim inicijalima <\/b>savr\u0161ene za prvu bra\u010dnu zdravicu.<\/li>\n<li><b>Personalizirana krunica s imenima mladenaca:<\/b>\u00a0U set uklju\u010dujemo i elegantnu krunicu, koja simbolizira <b>vjeru, blagoslov i duhovno zajedni\u0161tvo<\/b> bra\u010dnog para. To je trajni podsjetnik na snagu njihove veze i blagoslov na njihov brak.<\/li>\n<li>Bo\u010dica za svetu vodu<\/li>\n<\/ol>\n<p>Darujte uspomenu koja \u0107e trajati jednako dugo kao i njihova ljubav. Ako ste zainteresirani, mo\u017eete ovdje pogledati i druge varijante poklona za vjen\u010danje. Isto tako ne morate kupiti set kao ovakav ve\u0107 ga sami kreirati.<\/p>\n<p><b>MTart set kao poklon za vjen\u010danje<\/b>\u00a0 \u2013 to je blagoslov, uspomena i trajni simbol.<\/p>\n<p>MTart izra\u0111uje i drugu vrstu poklona za vjen\u010danje, umjesto visokih \u010da\u0161a za \u0161ampanjac imamo <a href=\"https:\/\/mtart.hr\/index.php\/proizvod\/personalizirani-poklon-set-za-vjencanje-prva-jutra\/\">set sa personaliziranim \u0161alicama<\/a> s imenima mladenaca.<\/p>\n\n    <div class=\"xs_social_share_widget xs_share_url after_content \t\tmain_content  wslu-style-1 wslu-share-box-shaped wslu-fill-colored wslu-none wslu-share-horizontal wslu-theme-font-no wslu-main_content\">\n\n\t\t\n        <ul>\n\t\t\t        <\/ul>\n    <\/div> \n","protected":false},"excerpt":{"rendered":"<h1 data-start=\"400\" data-end=\"653\">Personalizirani poklon set za vjen\u010danje | Prva zdravica<\/h1>\n<p data-start=\"400\" data-end=\"653\">Elegantan personalizirani poklon set za vjen\u010danje koji sadr\u017ei: personaliziranu krunicu za mladence, personalizirane \u010da\u0161e za \u0161ampanjac, bo\u010dicu za svetu vodu i dekorativnu kutiju s imenima mladenaca i posvetom. Savr\u0161en dar koji simbolizira ljubav, vjeru i zajedni\u0161tvo, izra\u0111en s pa\u017enjom i estetikom.<\/p>\n<p data-start=\"400\" data-end=\"653\"><strong>Rok izrade:<\/strong> do 3 radna dana nakon vidljive uplate + dostava oko 5 radnih dana<\/p>\n<p data-start=\"400\" data-end=\"653\"><strong>Preuzimanje:<\/strong> Opatija, Lovran, Rijeka. Zagreb na upit<\/p>\n<p data-start=\"400\" data-end=\"653\">Prije gumba &#8220;Dodaj u ko\u0161aricu&#8221; ispunite formular; ako ne ispunite polje ne\u0107e se mo\u0107i obraditi narud\u017eba &#8211; ako imate problema nazovite 092 322 89 71.<\/p>\n","protected":false},"featured_media":3513,"comment_status":"closed","ping_status":"closed","template":"","meta":{"_uag_custom_page_level_css":"","ocean_post_layout":"","ocean_both_sidebars_style":"","ocean_both_sidebars_content_width":0,"ocean_both_sidebars_sidebars_width":0,"ocean_sidebar":"0","ocean_second_sidebar":"0","ocean_disable_margins":"enable","ocean_add_body_class":"","ocean_shortcode_before_top_bar":"","ocean_shortcode_after_top_bar":"","ocean_shortcode_before_header":"","ocean_shortcode_after_header":"","ocean_has_shortcode":"","ocean_shortcode_after_title":"","ocean_shortcode_before_footer_widgets":"","ocean_shortcode_after_footer_widgets":"","ocean_shortcode_before_footer_bottom":"","ocean_shortcode_after_footer_bottom":"","ocean_display_top_bar":"default","ocean_display_header":"default","ocean_header_style":"","ocean_center_header_left_menu":"0","ocean_custom_header_template":"0","ocean_custom_logo":0,"ocean_custom_retina_logo":0,"ocean_custom_logo_max_width":0,"ocean_custom_logo_tablet_max_width":0,"ocean_custom_logo_mobile_max_width":0,"ocean_custom_logo_max_height":0,"ocean_custom_logo_tablet_max_height":0,"ocean_custom_logo_mobile_max_height":0,"ocean_header_custom_menu":"0","ocean_menu_typo_font_family":"0","ocean_menu_typo_font_subset":"","ocean_menu_typo_font_size":0,"ocean_menu_typo_font_size_tablet":0,"ocean_menu_typo_font_size_mobile":0,"ocean_menu_typo_font_size_unit":"px","ocean_menu_typo_font_weight":"","ocean_menu_typo_font_weight_tablet":"","ocean_menu_typo_font_weight_mobile":"","ocean_menu_typo_transform":"","ocean_menu_typo_transform_tablet":"","ocean_menu_typo_transform_mobile":"","ocean_menu_typo_line_height":0,"ocean_menu_typo_line_height_tablet":0,"ocean_menu_typo_line_height_mobile":0,"ocean_menu_typo_line_height_unit":"","ocean_menu_typo_spacing":0,"ocean_menu_typo_spacing_tablet":0,"ocean_menu_typo_spacing_mobile":0,"ocean_menu_typo_spacing_unit":"","ocean_menu_link_color":"","ocean_menu_link_color_hover":"","ocean_menu_link_color_active":"","ocean_menu_link_background":"","ocean_menu_link_hover_background":"","ocean_menu_link_active_background":"","ocean_menu_social_links_bg":"","ocean_menu_social_hover_links_bg":"","ocean_menu_social_links_color":"","ocean_menu_social_hover_links_color":"","ocean_disable_title":"default","ocean_disable_heading":"default","ocean_post_title":"","ocean_post_subheading":"","ocean_post_title_style":"","ocean_post_title_background_color":"","ocean_post_title_background":0,"ocean_post_title_bg_image_position":"","ocean_post_title_bg_image_attachment":"","ocean_post_title_bg_image_repeat":"","ocean_post_title_bg_image_size":"","ocean_post_title_height":0,"ocean_post_title_bg_overlay":0.5,"ocean_post_title_bg_overlay_color":"","ocean_disable_breadcrumbs":"default","ocean_breadcrumbs_color":"","ocean_breadcrumbs_separator_color":"","ocean_breadcrumbs_links_color":"","ocean_breadcrumbs_links_hover_color":"","ocean_display_footer_widgets":"default","ocean_display_footer_bottom":"default","ocean_custom_footer_template":"0"},"product_brand":[],"product_cat":[19,27],"product_tag":[],"class_list":{"0":"post-421","1":"product","2":"type-product","3":"status-publish","4":"has-post-thumbnail","6":"product_cat-personalizirani-pokloni","7":"product_cat-poklon-set-vjencanje","8":"pa_boja-tiska-zlatni-otisak","10":"entry","11":"has-media","12":"wcpa_has_options","14":"first","15":"instock","16":"shipping-taxable","17":"purchasable","18":"product-type-simple","19":"has-product-nav","20":"col","21":"span_1_of_5","22":"owp-content-center","23":"owp-thumbs-layout-horizontal","24":"owp-btn-normal","25":"owp-tabs-layout-horizontal"},"yoast_head":"<!-- This site is optimized with the Yoast SEO plugin v27.0 - https:\/\/yoast.com\/product\/yoast-seo-wordpress\/ -->\n<title>Personalizirani poklon set za vjen\u010danje | Prva zdravica - MT art I Personalizirani pokloni za kr\u0161tenje, ro\u0111enje bebe i vjen\u010danje | Izrada portreta po narud\u017ebi i prodaja umjetni\u010dkih slika<\/title>\n<meta name=\"description\" content=\"MTart Luksuzni set poklon za vjen\u010danje: personalizirana svije\u0107a, \u0161alice s imenima mladenaca, krunica i kutija s imenima mladenaca i posvetom.\" \/>\n<meta name=\"robots\" content=\"index, follow, max-snippet:-1, max-image-preview:large, max-video-preview:-1\" \/>\n<link rel=\"canonical\" href=\"https:\/\/mtart.hr\/index.php\/proizvod\/poklon-set-za-vjencanje-sampanjac\/\" \/>\n<meta property=\"og:locale\" content=\"hr_HR\" \/>\n<meta property=\"og:type\" content=\"article\" \/>\n<meta property=\"og:title\" content=\"Personalizirani poklon set za vjen\u010danje | Prva zdravica - MT art I Personalizirani pokloni za kr\u0161tenje, ro\u0111enje bebe i vjen\u010danje | Izrada portreta po narud\u017ebi i prodaja umjetni\u010dkih slika\" \/>\n<meta property=\"og:description\" content=\"MTart Luksuzni set poklon za vjen\u010danje: personalizirana svije\u0107a, \u0161alice s imenima mladenaca, krunica i kutija s imenima mladenaca i posvetom.\" \/>\n<meta property=\"og:url\" content=\"https:\/\/mtart.hr\/index.php\/proizvod\/poklon-set-za-vjencanje-sampanjac\/\" \/>\n<meta property=\"og:site_name\" content=\"MT art I Personalizirani pokloni za kr\u0161tenje, ro\u0111enje bebe i vjen\u010danje | Izrada portreta po narud\u017ebi i prodaja umjetni\u010dkih slika\" \/>\n<meta property=\"article:publisher\" content=\"https:\/\/www.facebook.com\/mtart.personalizirani.pokloni\/\" \/>\n<meta property=\"article:modified_time\" content=\"2026-02-20T12:10:47+00:00\" \/>\n<meta property=\"og:image\" content=\"https:\/\/mtart.hr\/wp-content\/uploads\/2025\/10\/Personalizirani-set-za-vjencanje-nova-jutra-MTart.webp\" \/>\n\t<meta property=\"og:image:width\" content=\"720\" \/>\n\t<meta property=\"og:image:height\" content=\"720\" \/>\n\t<meta property=\"og:image:type\" content=\"image\/webp\" \/>\n<meta name=\"twitter:card\" content=\"summary_large_image\" \/>\n<meta name=\"twitter:label1\" content=\"Procijenjeno vrijeme \u010ditanja\" \/>\n\t<meta name=\"twitter:data1\" content=\"2 minute\" \/>\n<script type=\"application\/ld+json\" class=\"yoast-schema-graph\">{\"@context\":\"https:\/\/schema.org\",\"@graph\":[{\"@type\":\"WebPage\",\"@id\":\"https:\/\/mtart.hr\/index.php\/proizvod\/poklon-set-za-vjencanje-sampanjac\/\",\"url\":\"https:\/\/mtart.hr\/index.php\/proizvod\/poklon-set-za-vjencanje-sampanjac\/\",\"name\":\"Personalizirani poklon set za vjen\u010danje | Prva zdravica - MT art I Personalizirani pokloni za kr\u0161tenje, ro\u0111enje bebe i vjen\u010danje | Izrada portreta po narud\u017ebi i prodaja umjetni\u010dkih slika\",\"isPartOf\":{\"@id\":\"https:\/\/mtart.hr\/#website\"},\"primaryImageOfPage\":{\"@id\":\"https:\/\/mtart.hr\/index.php\/proizvod\/poklon-set-za-vjencanje-sampanjac\/#primaryimage\"},\"image\":{\"@id\":\"https:\/\/mtart.hr\/index.php\/proizvod\/poklon-set-za-vjencanje-sampanjac\/#primaryimage\"},\"thumbnailUrl\":\"https:\/\/mtart.hr\/wp-content\/uploads\/2025\/10\/Personalizirani-set-za-vjencanje-nova-jutra-MTart.webp\",\"datePublished\":\"2025-10-06T08:25:03+00:00\",\"dateModified\":\"2026-02-20T12:10:47+00:00\",\"description\":\"MTart Luksuzni set poklon za vjen\u010danje: personalizirana svije\u0107a, \u0161alice s imenima mladenaca, krunica i kutija s imenima mladenaca i posvetom.\",\"breadcrumb\":{\"@id\":\"https:\/\/mtart.hr\/index.php\/proizvod\/poklon-set-za-vjencanje-sampanjac\/#breadcrumb\"},\"inLanguage\":\"hr\",\"potentialAction\":[{\"@type\":\"ReadAction\",\"target\":[\"https:\/\/mtart.hr\/index.php\/proizvod\/poklon-set-za-vjencanje-sampanjac\/\"]}]},{\"@type\":\"ImageObject\",\"inLanguage\":\"hr\",\"@id\":\"https:\/\/mtart.hr\/index.php\/proizvod\/poklon-set-za-vjencanje-sampanjac\/#primaryimage\",\"url\":\"https:\/\/mtart.hr\/wp-content\/uploads\/2025\/10\/Personalizirani-set-za-vjencanje-nova-jutra-MTart.webp\",\"contentUrl\":\"https:\/\/mtart.hr\/wp-content\/uploads\/2025\/10\/Personalizirani-set-za-vjencanje-nova-jutra-MTart.webp\",\"width\":720,\"height\":720,\"caption\":\"Set Poklon za vjen\u010danje personalizirani dar za vjen\u010danje\"},{\"@type\":\"BreadcrumbList\",\"@id\":\"https:\/\/mtart.hr\/index.php\/proizvod\/poklon-set-za-vjencanje-sampanjac\/#breadcrumb\",\"itemListElement\":[{\"@type\":\"ListItem\",\"position\":1,\"name\":\"Po\u010detna\",\"item\":\"https:\/\/mtart.hr\/\"},{\"@type\":\"ListItem\",\"position\":2,\"name\":\"Trgovina\",\"item\":\"https:\/\/mtart.hr\/index.php\/trgovina\/\"},{\"@type\":\"ListItem\",\"position\":3,\"name\":\"Personalizirani poklon set za vjen\u010danje | Prva zdravica\"}]},{\"@type\":\"WebSite\",\"@id\":\"https:\/\/mtart.hr\/#website\",\"url\":\"https:\/\/mtart.hr\/\",\"name\":\"Personalizirani pokloni, rukotvorine, dekoracije i izrada portreta po narud\u017ebi - MTart\",\"description\":\"Personalizirani pokloni, rukotvorine, tisak na majice i \u0161alice, izrada portreta po narud\u017ebi i prodaja umjetni\u010dkih slika\",\"publisher\":{\"@id\":\"https:\/\/mtart.hr\/#organization\"},\"alternateName\":\"MTart personalizirani pokloni\",\"potentialAction\":[{\"@type\":\"SearchAction\",\"target\":{\"@type\":\"EntryPoint\",\"urlTemplate\":\"https:\/\/mtart.hr\/?s={search_term_string}\"},\"query-input\":{\"@type\":\"PropertyValueSpecification\",\"valueRequired\":true,\"valueName\":\"search_term_string\"}}],\"inLanguage\":\"hr\"},{\"@type\":\"Organization\",\"@id\":\"https:\/\/mtart.hr\/#organization\",\"name\":\"Personalizirani pokloni, rukotvorine, dekoracije i izrada portreta po narud\u017ebi - MTart\",\"alternateName\":\"MTart personalizirani pokloni i portreti\",\"url\":\"https:\/\/mtart.hr\/\",\"logo\":{\"@type\":\"ImageObject\",\"inLanguage\":\"hr\",\"@id\":\"https:\/\/mtart.hr\/#\/schema\/logo\/image\/\",\"url\":\"https:\/\/mtart.hr\/wp-content\/uploads\/2025\/12\/Trenutni-logo-web-stranica-mt-art-personalizirani-pokloni.webp\",\"contentUrl\":\"https:\/\/mtart.hr\/wp-content\/uploads\/2025\/12\/Trenutni-logo-web-stranica-mt-art-personalizirani-pokloni.webp\",\"width\":512,\"height\":512,\"caption\":\"Personalizirani pokloni, rukotvorine, dekoracije i izrada portreta po narud\u017ebi - MTart\"},\"image\":{\"@id\":\"https:\/\/mtart.hr\/#\/schema\/logo\/image\/\"},\"sameAs\":[\"https:\/\/www.facebook.com\/mtart.personalizirani.pokloni\/\",\"https:\/\/www.youtube.com\/@Mt_art21\",\"https:\/\/www.tiktok.com\/@_mtart_\",\"https:\/\/www.instagram.com\/mtart_personalizirani_pokloni\/\"]}]}<\/script>\n<!-- \/ Yoast SEO plugin. -->","yoast_head_json":{"title":"Personalizirani poklon set za vjen\u010danje | Prva zdravica - MT art I Personalizirani pokloni za kr\u0161tenje, ro\u0111enje bebe i vjen\u010danje | Izrada portreta po narud\u017ebi i prodaja umjetni\u010dkih slika","description":"MTart Luksuzni set poklon za vjen\u010danje: personalizirana svije\u0107a, \u0161alice s imenima mladenaca, krunica i kutija s imenima mladenaca i posvetom.","robots":{"index":"index","follow":"follow","max-snippet":"max-snippet:-1","max-image-preview":"max-image-preview:large","max-video-preview":"max-video-preview:-1"},"canonical":"https:\/\/mtart.hr\/index.php\/proizvod\/poklon-set-za-vjencanje-sampanjac\/","og_locale":"hr_HR","og_type":"article","og_title":"Personalizirani poklon set za vjen\u010danje | Prva zdravica - MT art I Personalizirani pokloni za kr\u0161tenje, ro\u0111enje bebe i vjen\u010danje | Izrada portreta po narud\u017ebi i prodaja umjetni\u010dkih slika","og_description":"MTart Luksuzni set poklon za vjen\u010danje: personalizirana svije\u0107a, \u0161alice s imenima mladenaca, krunica i kutija s imenima mladenaca i posvetom.","og_url":"https:\/\/mtart.hr\/index.php\/proizvod\/poklon-set-za-vjencanje-sampanjac\/","og_site_name":"MT art I Personalizirani pokloni za kr\u0161tenje, ro\u0111enje bebe i vjen\u010danje | Izrada portreta po narud\u017ebi i prodaja umjetni\u010dkih slika","article_publisher":"https:\/\/www.facebook.com\/mtart.personalizirani.pokloni\/","article_modified_time":"2026-02-20T12:10:47+00:00","og_image":[{"width":720,"height":720,"url":"https:\/\/mtart.hr\/wp-content\/uploads\/2025\/10\/Personalizirani-set-za-vjencanje-nova-jutra-MTart.webp","type":"image\/webp"}],"twitter_card":"summary_large_image","twitter_misc":{"Procijenjeno vrijeme \u010ditanja":"2 minute"},"schema":{"@context":"https:\/\/schema.org","@graph":[{"@type":"WebPage","@id":"https:\/\/mtart.hr\/index.php\/proizvod\/poklon-set-za-vjencanje-sampanjac\/","url":"https:\/\/mtart.hr\/index.php\/proizvod\/poklon-set-za-vjencanje-sampanjac\/","name":"Personalizirani poklon set za vjen\u010danje | Prva zdravica - MT art I Personalizirani pokloni za kr\u0161tenje, ro\u0111enje bebe i vjen\u010danje | Izrada portreta po narud\u017ebi i prodaja umjetni\u010dkih slika","isPartOf":{"@id":"https:\/\/mtart.hr\/#website"},"primaryImageOfPage":{"@id":"https:\/\/mtart.hr\/index.php\/proizvod\/poklon-set-za-vjencanje-sampanjac\/#primaryimage"},"image":{"@id":"https:\/\/mtart.hr\/index.php\/proizvod\/poklon-set-za-vjencanje-sampanjac\/#primaryimage"},"thumbnailUrl":"https:\/\/mtart.hr\/wp-content\/uploads\/2025\/10\/Personalizirani-set-za-vjencanje-nova-jutra-MTart.webp","datePublished":"2025-10-06T08:25:03+00:00","dateModified":"2026-02-20T12:10:47+00:00","description":"MTart Luksuzni set poklon za vjen\u010danje: personalizirana svije\u0107a, \u0161alice s imenima mladenaca, krunica i kutija s imenima mladenaca i posvetom.","breadcrumb":{"@id":"https:\/\/mtart.hr\/index.php\/proizvod\/poklon-set-za-vjencanje-sampanjac\/#breadcrumb"},"inLanguage":"hr","potentialAction":[{"@type":"ReadAction","target":["https:\/\/mtart.hr\/index.php\/proizvod\/poklon-set-za-vjencanje-sampanjac\/"]}]},{"@type":"ImageObject","inLanguage":"hr","@id":"https:\/\/mtart.hr\/index.php\/proizvod\/poklon-set-za-vjencanje-sampanjac\/#primaryimage","url":"https:\/\/mtart.hr\/wp-content\/uploads\/2025\/10\/Personalizirani-set-za-vjencanje-nova-jutra-MTart.webp","contentUrl":"https:\/\/mtart.hr\/wp-content\/uploads\/2025\/10\/Personalizirani-set-za-vjencanje-nova-jutra-MTart.webp","width":720,"height":720,"caption":"Set Poklon za vjen\u010danje personalizirani dar za vjen\u010danje"},{"@type":"BreadcrumbList","@id":"https:\/\/mtart.hr\/index.php\/proizvod\/poklon-set-za-vjencanje-sampanjac\/#breadcrumb","itemListElement":[{"@type":"ListItem","position":1,"name":"Po\u010detna","item":"https:\/\/mtart.hr\/"},{"@type":"ListItem","position":2,"name":"Trgovina","item":"https:\/\/mtart.hr\/index.php\/trgovina\/"},{"@type":"ListItem","position":3,"name":"Personalizirani poklon set za vjen\u010danje | Prva zdravica"}]},{"@type":"WebSite","@id":"https:\/\/mtart.hr\/#website","url":"https:\/\/mtart.hr\/","name":"Personalizirani pokloni, rukotvorine, dekoracije i izrada portreta po narud\u017ebi - MTart","description":"Personalizirani pokloni, rukotvorine, tisak na majice i \u0161alice, izrada portreta po narud\u017ebi i prodaja umjetni\u010dkih slika","publisher":{"@id":"https:\/\/mtart.hr\/#organization"},"alternateName":"MTart personalizirani pokloni","potentialAction":[{"@type":"SearchAction","target":{"@type":"EntryPoint","urlTemplate":"https:\/\/mtart.hr\/?s={search_term_string}"},"query-input":{"@type":"PropertyValueSpecification","valueRequired":true,"valueName":"search_term_string"}}],"inLanguage":"hr"},{"@type":"Organization","@id":"https:\/\/mtart.hr\/#organization","name":"Personalizirani pokloni, rukotvorine, dekoracije i izrada portreta po narud\u017ebi - MTart","alternateName":"MTart personalizirani pokloni i portreti","url":"https:\/\/mtart.hr\/","logo":{"@type":"ImageObject","inLanguage":"hr","@id":"https:\/\/mtart.hr\/#\/schema\/logo\/image\/","url":"https:\/\/mtart.hr\/wp-content\/uploads\/2025\/12\/Trenutni-logo-web-stranica-mt-art-personalizirani-pokloni.webp","contentUrl":"https:\/\/mtart.hr\/wp-content\/uploads\/2025\/12\/Trenutni-logo-web-stranica-mt-art-personalizirani-pokloni.webp","width":512,"height":512,"caption":"Personalizirani pokloni, rukotvorine, dekoracije i izrada portreta po narud\u017ebi - MTart"},"image":{"@id":"https:\/\/mtart.hr\/#\/schema\/logo\/image\/"},"sameAs":["https:\/\/www.facebook.com\/mtart.personalizirani.pokloni\/","https:\/\/www.youtube.com\/@Mt_art21","https:\/\/www.tiktok.com\/@_mtart_","https:\/\/www.instagram.com\/mtart_personalizirani_pokloni\/"]}]}},"uagb_featured_image_src":{"full":["https:\/\/mtart.hr\/wp-content\/uploads\/2025\/10\/Personalizirani-set-za-vjencanje-nova-jutra-MTart.webp",720,720,false],"thumbnail":["https:\/\/mtart.hr\/wp-content\/uploads\/2025\/10\/Personalizirani-set-za-vjencanje-nova-jutra-MTart-150x150.webp",150,150,true],"medium":["https:\/\/mtart.hr\/wp-content\/uploads\/2025\/10\/Personalizirani-set-za-vjencanje-nova-jutra-MTart-300x300.webp",300,300,true],"medium_large":["https:\/\/mtart.hr\/wp-content\/uploads\/2025\/10\/Personalizirani-set-za-vjencanje-nova-jutra-MTart.webp",720,720,false],"large":["https:\/\/mtart.hr\/wp-content\/uploads\/2025\/10\/Personalizirani-set-za-vjencanje-nova-jutra-MTart.webp",720,720,false],"1536x1536":["https:\/\/mtart.hr\/wp-content\/uploads\/2025\/10\/Personalizirani-set-za-vjencanje-nova-jutra-MTart.webp",720,720,false],"2048x2048":["https:\/\/mtart.hr\/wp-content\/uploads\/2025\/10\/Personalizirani-set-za-vjencanje-nova-jutra-MTart.webp",720,720,false],"ocean-thumb-m":["https:\/\/mtart.hr\/wp-content\/uploads\/2025\/10\/Personalizirani-set-za-vjencanje-nova-jutra-MTart-600x600.webp",600,600,true],"ocean-thumb-ml":["https:\/\/mtart.hr\/wp-content\/uploads\/2025\/10\/Personalizirani-set-za-vjencanje-nova-jutra-MTart-720x450.webp",720,450,true],"ocean-thumb-l":["https:\/\/mtart.hr\/wp-content\/uploads\/2025\/10\/Personalizirani-set-za-vjencanje-nova-jutra-MTart-720x700.webp",720,700,true],"woocommerce_thumbnail":["https:\/\/mtart.hr\/wp-content\/uploads\/2025\/10\/Personalizirani-set-za-vjencanje-nova-jutra-MTart-300x225.webp",300,225,true],"woocommerce_single":["https:\/\/mtart.hr\/wp-content\/uploads\/2025\/10\/Personalizirani-set-za-vjencanje-nova-jutra-MTart-600x600.webp",600,600,true],"woocommerce_gallery_thumbnail":["https:\/\/mtart.hr\/wp-content\/uploads\/2025\/10\/Personalizirani-set-za-vjencanje-nova-jutra-MTart-100x100.webp",100,100,true],"variation_swatches_image_size":["https:\/\/mtart.hr\/wp-content\/uploads\/2025\/10\/Personalizirani-set-za-vjencanje-nova-jutra-MTart-50x50.webp",50,50,true],"variation_swatches_tooltip_size":["https:\/\/mtart.hr\/wp-content\/uploads\/2025\/10\/Personalizirani-set-za-vjencanje-nova-jutra-MTart-100x100.webp",100,100,true],"dgwt-wcas-product-suggestion":["https:\/\/mtart.hr\/wp-content\/uploads\/2025\/10\/Personalizirani-set-za-vjencanje-nova-jutra-MTart-64x64.webp",64,64,true]},"uagb_author_info":{"display_name":"admin","author_link":"https:\/\/mtart.hr\/index.php\/author\/"},"uagb_comment_info":0,"uagb_excerpt":"Personalizirani poklon set za vjen\u010danje | Prva zdravica Elegantan personalizirani poklon set za vjen\u010danje koji sadr\u017ei: personaliziranu krunicu za mladence, personalizirane \u010da\u0161e za \u0161ampanjac, bo\u010dicu za svetu vodu i dekorativnu kutiju s imenima mladenaca i posvetom. Savr\u0161en dar koji simbolizira ljubav, vjeru i zajedni\u0161tvo, izra\u0111en s pa\u017enjom i estetikom. Rok izrade: do 3 radna dana&hellip;","_links":{"self":[{"href":"https:\/\/mtart.hr\/index.php\/wp-json\/wp\/v2\/product\/421","targetHints":{"allow":["GET"]}}],"collection":[{"href":"https:\/\/mtart.hr\/index.php\/wp-json\/wp\/v2\/product"}],"about":[{"href":"https:\/\/mtart.hr\/index.php\/wp-json\/wp\/v2\/types\/product"}],"replies":[{"embeddable":true,"href":"https:\/\/mtart.hr\/index.php\/wp-json\/wp\/v2\/comments?post=421"}],"version-history":[{"count":1,"href":"https:\/\/mtart.hr\/index.php\/wp-json\/wp\/v2\/product\/421\/revisions"}],"predecessor-version":[{"id":3515,"href":"https:\/\/mtart.hr\/index.php\/wp-json\/wp\/v2\/product\/421\/revisions\/3515"}],"wp:featuredmedia":[{"embeddable":true,"href":"https:\/\/mtart.hr\/index.php\/wp-json\/wp\/v2\/media\/3513"}],"wp:attachment":[{"href":"https:\/\/mtart.hr\/index.php\/wp-json\/wp\/v2\/media?parent=421"}],"wp:term":[{"taxonomy":"product_brand","embeddable":true,"href":"https:\/\/mtart.hr\/index.php\/wp-json\/wp\/v2\/product_brand?post=421"},{"taxonomy":"product_cat","embeddable":true,"href":"https:\/\/mtart.hr\/index.php\/wp-json\/wp\/v2\/product_cat?post=421"},{"taxonomy":"product_tag","embeddable":true,"href":"https:\/\/mtart.hr\/index.php\/wp-json\/wp\/v2\/product_tag?post=421"}],"curies":[{"name":"wp","href":"https:\/\/api.w.org\/{rel}","templated":true}]}}